{"id":2,"date":"2025-05-18T06:49:22","date_gmt":"2025-05-18T06:49:22","guid":{"rendered":"http:\/\/mefisto.me\/?page_id=2"},"modified":"2025-05-19T23:37:54","modified_gmt":"2025-05-19T23:37:54","slug":"bio","status":"publish","type":"page","link":"https:\/\/mefisto.me\/index.php\/bio\/","title":{"rendered":"Biografia"},"content":{"rendered":"<div class=\"wp-block-image\">\n<figure class=\"aligncenter size-large is-resized\"><img loading=\"lazy\" decoding=\"async\" width=\"1024\" height=\"1024\" src=\"http:\/\/mefisto.me\/wp-content\/uploads\/2025\/05\/IMG_3605-1024x1024.jpg\" alt=\"\" class=\"wp-image-21\" style=\"width:439px;height:auto\" srcset=\"https:\/\/mefisto.me\/wp-content\/uploads\/2025\/05\/IMG_3605-1024x1024.jpg 1024w, https:\/\/mefisto.me\/wp-content\/uploads\/2025\/05\/IMG_3605-300x300.jpg 300w, https:\/\/mefisto.me\/wp-content\/uploads\/2025\/05\/IMG_3605-150x150.jpg 150w, https:\/\/mefisto.me\/wp-content\/uploads\/2025\/05\/IMG_3605-768x768.jpg 768w, https:\/\/mefisto.me\/wp-content\/uploads\/2025\/05\/IMG_3605-1536x1536.jpg 1536w, https:\/\/mefisto.me\/wp-content\/uploads\/2025\/05\/IMG_3605-2048x2048.jpg 2048w\" sizes=\"auto, (max-width: 1024px) 100vw, 1024px\" \/><\/figure>\n<\/div>\n\n\n<p class=\"has-text-align-center\">W karcie mam inne, ni\u017c&nbsp;Mefisto imi\u0119<br>Trzydzie\u015bci lat, wodnikiem, na \u015bwiecie \u017cyj\u0119<br>Jestem zbuntowany<br>Pragn\u0119 zmiany<\/p>\n\n\n\n<p class=\"has-text-align-center\">Wi\u0119kszo\u015b\u0107 \u017cycia artyst\u0105<br>Nie raz przedstawicielem ludzi<br>Nie raz s\u0142ysza\u0142em, \u017ce kosmit\u0105<br>To nie tak, \u017ce mi si\u0119 nudzi<\/p>\n\n\n\n<p class=\"has-text-align-center\">Nie zgadzam si\u0119 na to, jak wygl\u0105da \u015bwiat<br>Nie wierz\u0119 w polityk\u00f3w, lecz nauce ufam<br>By\u0142em w \u0141odzi faraonem, by\u0142em wtedy rad<br>Wi\u0119c tutaj znajdziesz m\u00f3j plan<\/p>\n\n\n\n<p class=\"has-text-align-center\">M\u00f3j poprzednik \u017cy\u0142 i istnia\u0142<br>A zosta\u0142a po nim budowana d\u017cungla<br>Niestety siedemdziesi\u0105t tysi\u0119cy lat temu my\u015bla\u0142<br>Imi\u0119 mia\u0142 identyczne, nie by\u0142o wtedy rubla<\/p>\n\n\n\n<p class=\"has-text-align-center\">Wierz\u0119 w \u017cyj\u0105ce wielkie si\u0142y<br>Magi\u0119 zapomnian\u0105, cud\u00f3w starych moc<br>Niejedn\u0105 religi\u0119 stworzy\u0142em<br>Demona w lesie wzywa\u0142em, jak by\u0142a noc<\/p>\n\n\n\n<p class=\"has-text-align-center\">Za\u015bwiaty okie\u0142znywa\u0142em, \u017ceby los oszuka\u0107<br>Dla wojny, \u017ceby si\u0119 tutaj nie wydarzy\u0142a<br>Wiele kraj\u00f3w teraz, drugi kraj poddusza<br>Musimy sprawi\u0107, \u017ceby nasza Ziemia \u017cy\u0142a<\/p>\n\n\n\n<p class=\"has-text-align-center\">Nie obchodzi mnie, cho\u0107 czasem tak<br>Co m\u00f3wisz ustami<br>Pr\u0119dzej co my\u015blisz w swym wn\u0119trzu<br>I czy czcisz tych, co zw\u0105 ich idolami<\/p>\n\n\n\n<p class=\"has-text-align-center\">Pochodz\u0119 z miasta Pi\u0142a<br>Cho\u0107 w Gda\u0144sku, Sopocie, Bydgoszczy, w lesie i \u0141odzi<br>Czasem mi si\u0119 przysz\u0142o\u015b\u0107 \u015bni\u0142a<br>Zajrzenie na t\u0119 stron\u0119, na pewno nie zaszkodzi<\/p>\n\n\n\n<p class=\"has-text-align-center\">Je\u017celi energia nigdy nie umiera<br>To Ty r\u00f3wnie\u017c i te\u017c ja<br>Ta podr\u00f3\u017c mi\u0119dzy wymiarami<br>Teraz materialnym, gdzie le\u017cy g\u0142az<\/p>\n\n\n\n<p class=\"has-text-align-center\">Musimy razem stworzy\u0107 nowy \u015bwiat<br>W kt\u00f3rym nikt nikogo nie zabije<br>Mo\u017ce to zajmie wiele lat<br>Sta\u0107 Nas na chocia\u017c tyle<\/p>\n","protected":false},"excerpt":{"rendered":"<p>W karcie mam inne, ni\u017c&nbsp;Mefisto imi\u0119Trzydzie\u015bci lat, wodnikiem, na \u015bwiecie \u017cyj\u0119Jestem zbuntowanyPragn\u0119 zmiany Wi\u0119kszo\u015b\u0107 \u017cycia artyst\u0105Nie raz przedstawicielem ludziNie raz s\u0142ysza\u0142em, \u017ce kosmit\u0105To nie tak, \u017ce mi si\u0119 nudzi Nie zgadzam si\u0119 na to, jak wygl\u0105da \u015bwiatNie wierz\u0119 w polityk\u00f3w, lecz nauce ufamBy\u0142em w \u0141odzi faraonem, by\u0142em wtedy radWi\u0119c tutaj znajdziesz m\u00f3j plan M\u00f3j poprzednik [&hellip;]<\/p>\n","protected":false},"author":1,"featured_media":0,"parent":0,"menu_order":0,"comment_status":"closed","ping_status":"open","template":"","meta":{"footnotes":""},"class_list":["post-2","page","type-page","status-publish","hentry"],"_links":{"self":[{"href":"https:\/\/mefisto.me\/index.php\/wp-json\/wp\/v2\/pages\/2","targetHints":{"allow":["GET"]}}],"collection":[{"href":"https:\/\/mefisto.me\/index.php\/wp-json\/wp\/v2\/pages"}],"about":[{"href":"https:\/\/mefisto.me\/index.php\/wp-json\/wp\/v2\/types\/page"}],"author":[{"embeddable":true,"href":"https:\/\/mefisto.me\/index.php\/wp-json\/wp\/v2\/users\/1"}],"replies":[{"embeddable":true,"href":"https:\/\/mefisto.me\/index.php\/wp-json\/wp\/v2\/comments?post=2"}],"version-history":[{"count":5,"href":"https:\/\/mefisto.me\/index.php\/wp-json\/wp\/v2\/pages\/2\/revisions"}],"predecessor-version":[{"id":49,"href":"https:\/\/mefisto.me\/index.php\/wp-json\/wp\/v2\/pages\/2\/revisions\/49"}],"wp:attachment":[{"href":"https:\/\/mefisto.me\/index.php\/wp-json\/wp\/v2\/media?parent=2"}],"curies":[{"name":"wp","href":"https:\/\/api.w.org\/{rel}","templated":true}]}}